{"id":18483,"date":"2018-02-16T19:48:32","date_gmt":"2018-02-17T00:48:32","guid":{"rendered":"https:\/\/gpstartersites.com\/artisan\/?page_id=7"},"modified":"2022-04-10T14:52:49","modified_gmt":"2022-04-10T12:52:49","slug":"home","status":"publish","type":"page","link":"https:\/\/www.drpiro.net\/de\/","title":{"rendered":"Home"},"content":{"rendered":"\n<h2 class=\"wp-block-heading\"><strong>Willkommen auf der&nbsp;Webseite&nbsp;von Dr. Claude PIRO, einer Webseite der RESFO<\/strong><\/h2>\n\n\n\n<h3 class=\"has-text-align-center wp-block-heading\"><strong>(Zellreflexologie durch Photonenstimulation)<\/strong><\/h3>\n\n\n\n<p>Die Webseite&nbsp;<a href=\"http:\/\/www.drpiro.net\/\">www.drpiro.net<\/a>&nbsp;ist keine Homepage aus dem Bereich der Medizin, sondern der Gesundheit.<\/p>\n\n\n\n<p>Bei der Definition von Gesundheit wird meist&nbsp; bewertend von entweder \u201eguter\u201c oder \u201eschlechter\u201c Gesundheit gesprochen.<\/p>\n\n\n\n<p>Unter guter Gesundheit versteht man einen perfekten Funktionszustand des Menschen, der von keinerlei Symptomen oder Krankheiten heimgesucht wird, die seine Existenz beeintr\u00e4chtigen k\u00f6nnten. Schlechte Gesundheit wird als Gegenteil von guter Gesundheit definiert und f\u00fchrt letztendlich zum Tod des Menschen.<\/p>\n\n\n\n<p>Wenn wir jedoch annehmen, dass unsere Existenz einen Sinn h\u00e4tte, n\u00e4mlich eine bestimmte Funktion im Hinblick auf eine Programmierung zu erf\u00fcllen, die unsere Geburt erst erm\u00f6glicht hat und die uns St\u00fcck f\u00fcr St\u00fcck in einer langen Kette von Erbinformationen weitergegeben worden ist, die bis zu den ersten Augenblicken des Universums zur\u00fcckreicht, unserem einzigen und wahren Elternteil, dann w\u00e4re die Gesundheit eng damit verbunden, dass wir den Sinn dieser Existenz respektieren.&nbsp;<\/p>\n\n\n\n<p>Wenn wir versuchen losgel\u00f6st von dieser Programmierung zu leben, also unseren W\u00fcnschen und unserem Willen folgend, oder wenn die Angst vor dem Unbekannten (die Zukunft der Programmierung) uns l\u00e4hmt wegen des Verlustes des beruhigend Vertrauten (die schon gelebte Vergangenheit) und uns zudem daran hindert, die Programmierung des Universums zu respektieren, dann w\u00e4re die Gesundheit in Mitleidenschaft gezogen. Einzig und allein das Universum ist in der Lage, uns auf den Weg zur\u00fcckzuf\u00fchren, der es uns erm\u00f6glicht, seine Programmierung zu respektieren.&nbsp;&nbsp;Deshalb m\u00fcssen wir die Ereignisse und Einschr\u00e4nkungen, die das Universum erzeugt um uns zu helfen, akzeptieren. Der Zufall existiert nicht. Dem Universum steht nur dieses einzige Mittel zur Verf\u00fcgung um uns zu informieren und uns zu erm\u00f6glichen, dass wir uns \u00e4ndern, vorausgesetzt, dass wir willens sind zu h\u00f6ren um zu verstehen und nicht um zu antworten.<\/p>\n\n\n\n<p>Wenn die Programmierung des Universums notwendigerweise \u2013 so wie das im Uterus einer schwangeren Frau der Fall ist \u2013 den Tod eines Elementes (der Plazenta) voraussetzt, um die Geburt eines mit ihm verbundenen Elementes (dem F\u00f6tus) zu erm\u00f6glichen, dann w\u00e4re der Tod in einer anderen Welt n\u00fctzlich. Und damit h\u00e4tten wir eine g\u00e4nzlich andere und neuartige Definition von Gesundheit, die die Akzeptanz des Todes mit einschlie\u00dft.<\/p>\n\n\n\n<p>Im ersten Kapitel, \u201eEine neue Sicht des Menschen\u201c, haben Sie deshalb die M\u00f6glichkeit zu erfassen, welche Rolle der Mensch im Universum in Wirklichkeit spielt und sich dessen bewusst zu werden.<\/p>\n\n\n\n<p>Das erste Kapitel kann Antworten auf einige Ihrer Fragen und Anliegen liefern. Falls Sie dieser neuartigen Sicht der Dinge weiteres Interesse entgegenbringen, dann k\u00f6nnen Sie mir direkt Fragen an folgende Emailadresse schicken:&nbsp;<a><em>drcpiro@gmail.com<\/em><\/a>. Meine Antworten kommen dann auch all jenen zugute, die meine Internetseite verfolgen. Auf diese Weise zwinge ich Ihnen nicht die die Logik meines Wissens in meinen gegenw\u00e4rtigen Augenblick auf, das Sie zu diesem Zeitpunkt vielleicht gar nicht interessiert. Ich hatte mich eigentlich mit dem Gedanken getragen, Ihnen die Historie der Entwicklung der RESFO zu erl\u00e4utern und den Ablauf einer Behandlung zu schildern \u2026, aber ich halte es f\u00fcr angemessener, Ihr Informationsbed\u00fcrfnis zu respektieren, wie es Ihrem gegenw\u00e4rtigen Augenblick entspricht.<\/p>\n\n\n\n<p>Ich m\u00f6chte mit diesen einf\u00fchrenden&nbsp;&nbsp;Worten den Leser respektieren, damit er keine wertvolle Zeit verliert, wenn er nicht offen daf\u00fcr ist, alles was man \u00fcber den Menschen wei\u00df, in Frage zu stellen. Wenn der Leser n\u00e4mlich bereit ist, das folgende Kapitel zu lesen, dann wird er zu einer ganz anderen Sicht des Menschen gelangen und in sich selbst seine Pflichten entdecken, bevor er Rechte einfordert.&nbsp;<\/p>\n\n\n\n<p>Die Zeit ist kostbar. Sie steht am Beginn des Universums und von allem, was es enth\u00e4lt. Man darf die Zeit nicht vergeuden, da sie niemandes Eigentum ist, sie ist dem Menschen nur geliehen und er muss sie wieder zur\u00fcckgeben, wenn seine Zeit gekommen sein wird.<\/p>\n\n\n\n<p>Dr. Claude PIRO \u2013 Juni 2020<\/p>\n\n\n\n<p><a href=\"https:\/\/www.drpiro.net\/de\/vom-universum-und-vom-menschen-zu-der-mensch-ist-das-universum\/\"><strong>&gt;&gt; ZUM ERSTEN TEIL<\/strong><\/a><\/p>\n","protected":false},"excerpt":{"rendered":"<p>Willkommen auf der&nbsp;Webseite&nbsp;von Dr. Claude PIRO, einer Webseite der RESFO (Zellreflexologie durch Photonenstimulation) Die Webseite&nbsp;www.drpiro.net&nbsp;ist keine Homepage aus dem Bereich der Medizin, sondern der Gesundheit. Bei der Definition von Gesundheit wird meist&nbsp; bewertend von entweder \u201eguter\u201c oder \u201eschlechter\u201c Gesundheit gesprochen. Unter guter Gesundheit versteht man einen perfekten Funktionszustand des Menschen, der von keinerlei Symptomen oder Krankheiten heimgesucht wird, die seine Existenz beeintr\u00e4chtigen k\u00f6nnten. Schlechte Gesundheit wird als Gegenteil von guter Gesundheit definiert und f\u00fchrt letztendlich zum Tod des Menschen. Wenn &#8230; <\/p>\n<p class=\"read-more-container\"><a title=\"Home\" class=\"read-more button\" href=\"https:\/\/www.drpiro.net\/de\/#more-18483\" aria-label=\"Mehr Informationen \u00fcber Home\">Read More<\/a><\/p>\n","protected":false},"author":1,"featured_media":0,"parent":0,"menu_order":0,"comment_status":"closed","ping_status":"closed","template":"","meta":{"footnotes":""},"class_list":["post-18483","page","type-page","status-publish"],"jetpack_sharing_enabled":true,"_links":{"self":[{"href":"https:\/\/www.drpiro.net\/de\/wp-json\/wp\/v2\/pages\/18483","targetHints":{"allow":["GET"]}}],"collection":[{"href":"https:\/\/www.drpiro.net\/de\/wp-json\/wp\/v2\/pages"}],"about":[{"href":"https:\/\/www.drpiro.net\/de\/wp-json\/wp\/v2\/types\/page"}],"author":[{"embeddable":true,"href":"https:\/\/www.drpiro.net\/de\/wp-json\/wp\/v2\/users\/1"}],"replies":[{"embeddable":true,"href":"https:\/\/www.drpiro.net\/de\/wp-json\/wp\/v2\/comments?post=18483"}],"version-history":[{"count":12,"href":"https:\/\/www.drpiro.net\/de\/wp-json\/wp\/v2\/pages\/18483\/revisions"}],"predecessor-version":[{"id":18606,"href":"https:\/\/www.drpiro.net\/de\/wp-json\/wp\/v2\/pages\/18483\/revisions\/18606"}],"wp:attachment":[{"href":"https:\/\/www.drpiro.net\/de\/wp-json\/wp\/v2\/media?parent=18483"}],"curies":[{"name":"wp","href":"https:\/\/api.w.org\/{rel}","templated":true}]}}