{"id":18555,"date":"2020-12-11T10:52:34","date_gmt":"2020-12-11T09:52:34","guid":{"rendered":"https:\/\/www.drpiro.net\/de\/?page_id=18555"},"modified":"2020-12-15T17:22:55","modified_gmt":"2020-12-15T16:22:55","slug":"fragen-und-antworten","status":"publish","type":"page","link":"https:\/\/www.drpiro.net\/de\/fragen-und-antworten\/","title":{"rendered":"Fragen und Antworten"},"content":{"rendered":"\n<p>14. August 2020<\/p>\n\n\n\n<h2 class=\"wp-block-heading\">Frage 1&nbsp;<\/h2>\n\n\n\n<h3 class=\"wp-block-heading\">Joan R. I. aus Barcelona<\/h3>\n\n\n\n<p>Ich rauche, ich muss damit aufh\u00f6ren, kann es aber nicht. Ich habe geh\u00f6rt, dass Sie viele Raucher entw\u00f6hnt haben und ich m\u00f6chte deshalb in Ihre Sprechstunde kommen. K\u00f6nnen Sie mich von dieser Droge befreien?<\/p>\n\n\n\n<p><a href=\"https:\/\/www.drpiro.net\/de\/antwort-frage-1\/\">Antwort<\/a><\/p>\n\n\n\n<p>&#8212;&#8212;&#8212;&#8212;&#8212;&#8212;&#8212;&#8212;&#8212;&#8212;&#8212;&#8212;&#8212;&#8212;&#8212;&#8212;&#8211;<\/p>\n\n\n\n<p>24. September 2020<\/p>\n\n\n\n<h2 class=\"wp-block-heading\">Frage 2<\/h2>\n\n\n\n<h3 class=\"wp-block-heading\">Jean-Marie E. de Sant-Chamas<\/h3>\n\n\n\n<p>In unserem aktuellen Umfeld, das von der Covid-Krise gepr\u00e4gt wird, b\u00fcrdet unsere politische F\u00fchrung uns regelm\u00e4\u00dfig neue Regeln auf, die unsere Existenz bestimmen und die sich oft von Tag zu Tag widersprechen.&nbsp;<\/p>\n\n\n\n<p>Mir wird bewusst, dass unsere politischen, wissenschaftlichen und medizinischen Instanzen uns manipulieren, um in der Bev\u00f6lkerung ein Klima der Angst zu sch\u00fcren. Es f\u00e4llt mir schwer zu begreifen, wie das Universum es zulassen kann, dass sich ein derartiger Zustand der Verwirrung und Instabilit\u00e4t in den K\u00f6pfen und Herzen der meisten Menschen entwickeln kann, die derma\u00dfen in Angst und Schrecken, ja Fassungslosigkeit,&nbsp;&nbsp;versetzt werden, dass sie f\u00fcr keinerlei vern\u00fcnftige Argumention mehr zug\u00e4nglich sind.&nbsp;<\/p>\n\n\n\n<p>F\u00fcr meine Person, die um die Bedeutung dessen wei\u00df, was wir durch die Entdeckung der RESFO wissen und begriffen haben, w\u00fcrde ich gerne Deine Sicht der Dinge in Erfahrung bringen, da ich feststelle, dass wir sogar in unserem&nbsp;&nbsp;eigenen Umfeld (Familie und Freunde) selten Geh\u00f6r finden und noch weniger verstanden werden.&nbsp;Was muss man tun um jedem von uns zu erm\u00f6glichen, dass wir uns entwickeln und die Informationen dem Universum korrekt mitteilen.<\/p>\n\n\n\n<p><a href=\"https:\/\/www.drpiro.net\/de\/antwort-frage-2\/\">Antwort<\/a><\/p>\n\n\n\n<p>&#8212;&#8212;&#8212;&#8212;&#8212;&#8212;&#8212;&#8212;&#8212;&#8212;&#8212;&#8212;&#8212;&#8212;&#8212;&#8212;&#8211;<\/p>\n\n\n\n<h2 class=\"wp-block-heading\">Frage 3<\/h2>\n\n\n\n<p>Eine Frage oder vielmehr eine Bemerkung, die mir nach einer Behandlung in der N\u00e4he von La Rochelle zugestellt wurde, f\u00fcr die ich kein fixes Honorar vorgegeben habe, sondern es jedem \u00fcberlassen habe, seinen Beitrag selbst zu bemessen.&nbsp;<\/p>\n\n\n\n<p>\u201eGuten Tag Claude,<\/p>\n\n\n\n<p>du bringst mich in Verlegenheit mit Deiner Entscheidung, das Honorar f\u00fcr eine Behandlung offen zu lassen. Das sorgt f\u00fcr Verwirrung. Manche haben mich gefragt, wie viel man geben soll und ich wollte darauf keine Antwort geben. Ich hatte Gl\u00fcck, da ich nichts geben muss, aber wenn ich das h\u00e4tte tun m\u00fcssen, dann h\u00e4tte ich NICHTS gegeben. Nichts, weil das, was Du f\u00fcr jeden von uns, f\u00fcr Tausende Menschen getan hast, keinen Preis hat.&nbsp;Es ist unsch\u00e4tzbar. Danke.\u201c<\/p>\n\n\n\n<p>&#8212;&#8212;&#8212;&#8212;&#8212;&#8212;&#8212;&#8212;&#8212;&#8212;&#8212;&#8212;&#8212;&#8212;&#8212;&#8212;&#8211;<\/p>\n\n\n\n<p>12. November 2020<\/p>\n\n\n\n<h2 class=\"wp-block-heading\">Frage 4<\/h2>\n\n\n\n<h3 class=\"wp-block-heading\">Maite B., Spanien<\/h3>\n\n\n\n<p>\u201cIch wurde gefragt, ob ich RESFO in einem Zentrum aus\u00fcben wolle, in dem verschiedene Therapien (Reiki, Akkupunktur, Bachbl\u00fcten usw.) angeboten werden. Das habe ich abgelehnt, da ich der \u00dcberzeugung bin, dass hier eine Unvereinbarkeit vorliegt, da sich das Ziel der RESFO v\u00f6llig von den Zielen der anderen Therapieformen unterscheidet. Ich sehe hier keinen gemeinsamen Nenner. Nun m\u00f6chte ich gerne wissen, ob meine \u00dcberlegung zutreffend ist.\u201c<\/p>\n\n\n\n<p><a href=\"https:\/\/www.drpiro.net\/de\/antwort-frage-3\/\">Antwort<\/a><\/p>\n","protected":false},"excerpt":{"rendered":"<p>14. August 2020 Frage 1&nbsp; Joan R. I. aus Barcelona Ich rauche, ich muss damit aufh\u00f6ren, kann es aber nicht. Ich habe geh\u00f6rt, dass Sie viele Raucher entw\u00f6hnt haben und ich m\u00f6chte deshalb in Ihre Sprechstunde kommen. K\u00f6nnen Sie mich von dieser Droge befreien? Antwort &#8212;&#8212;&#8212;&#8212;&#8212;&#8212;&#8212;&#8212;&#8212;&#8212;&#8212;&#8212;&#8212;&#8212;&#8212;&#8212;&#8211; 24. September 2020 Frage 2 Jean-Marie E. de Sant-Chamas In unserem aktuellen Umfeld, das von der Covid-Krise gepr\u00e4gt wird, b\u00fcrdet unsere politische F\u00fchrung uns regelm\u00e4\u00dfig neue Regeln auf, die unsere Existenz bestimmen und die &#8230; <\/p>\n<p class=\"read-more-container\"><a title=\"Fragen und Antworten\" class=\"read-more button\" href=\"https:\/\/www.drpiro.net\/de\/fragen-und-antworten\/#more-18555\" aria-label=\"Mehr Informationen \u00fcber Fragen und Antworten\">Read More<\/a><\/p>\n","protected":false},"author":4,"featured_media":0,"parent":0,"menu_order":0,"comment_status":"closed","ping_status":"closed","template":"","meta":{"footnotes":""},"class_list":["post-18555","page","type-page","status-publish"],"jetpack_sharing_enabled":true,"_links":{"self":[{"href":"https:\/\/www.drpiro.net\/de\/wp-json\/wp\/v2\/pages\/18555","targetHints":{"allow":["GET"]}}],"collection":[{"href":"https:\/\/www.drpiro.net\/de\/wp-json\/wp\/v2\/pages"}],"about":[{"href":"https:\/\/www.drpiro.net\/de\/wp-json\/wp\/v2\/types\/page"}],"author":[{"embeddable":true,"href":"https:\/\/www.drpiro.net\/de\/wp-json\/wp\/v2\/users\/4"}],"replies":[{"embeddable":true,"href":"https:\/\/www.drpiro.net\/de\/wp-json\/wp\/v2\/comments?post=18555"}],"version-history":[{"count":8,"href":"https:\/\/www.drpiro.net\/de\/wp-json\/wp\/v2\/pages\/18555\/revisions"}],"predecessor-version":[{"id":18595,"href":"https:\/\/www.drpiro.net\/de\/wp-json\/wp\/v2\/pages\/18555\/revisions\/18595"}],"wp:attachment":[{"href":"https:\/\/www.drpiro.net\/de\/wp-json\/wp\/v2\/media?parent=18555"}],"curies":[{"name":"wp","href":"https:\/\/api.w.org\/{rel}","templated":true}]}}