{"id":18566,"date":"2020-12-11T11:14:29","date_gmt":"2020-12-11T10:14:29","guid":{"rendered":"https:\/\/www.drpiro.net\/de\/?page_id=18566"},"modified":"2020-12-11T11:18:50","modified_gmt":"2020-12-11T10:18:50","slug":"antwort-frage-2","status":"publish","type":"page","link":"https:\/\/www.drpiro.net\/de\/antwort-frage-2\/","title":{"rendered":"Antwort Frage 2"},"content":{"rendered":"\n<p>Meine Antwort kann nur entsprechend der ersten S\u00e4tze meiner Webseite ausfallen, in der Annahme, dass sie auch gelesen wurden um zu verstehen und nicht um zu antworten:&nbsp;<em>\u201eWenn wir annehmen, dass unsere Existenz einen Sinn h\u00e4tte, n\u00e4mlich eine bestimmte Funktion im Hinblick auf eine Programmierung zu erf\u00fcllen, die unsere Geburt erst erm\u00f6glicht hat und die uns St\u00fcck f\u00fcr St\u00fcck in einer langen Kette von Erbinformationen weitergegeben worden ist, die bis zu den ersten Augenblicken des Universums zur\u00fcckreicht, unserem einzigen und wahren Elternteil, dann w\u00e4re die Gesundheit eng damit verbunden, dass wir den Sinn dieser Existenz respektieren.&nbsp;<\/em><\/p>\n\n\n\n<p><em>Wenn wir versuchen losgel\u00f6st von dieser Programmierung zu leben, also unseren W\u00fcnschen und unserem Willen folgend, oder wenn die Angst vor dem Unbekannten (die Zukunft der Programmierung) uns l\u00e4hmt wegen des Verlustes des beruhigend Vertrauten (die schon gelebte Vergangenheit) und uns zudem daran hindert, die Programmierung des Universums zu respektieren, dann w\u00e4re die Gesundheit in Mitleidenschaft gezogen. Einzig und allein das Universum ist in der Lage, uns auf den Weg zur\u00fcckzuf\u00fchren, der es uns erm\u00f6glicht, seine Programmierung zu respektieren.&nbsp;&nbsp;Deshalb m\u00fcssen wir die Ereignisse und Einschr\u00e4nkungen, die das Universum erzeugt um uns zu helfen, akzeptieren. Der Zufall existiert nicht. Dem Universum steht nur dieses einzige Mittel zur Verf\u00fcgung um uns zu informieren und uns zu erm\u00f6glichen, dass wir uns \u00e4ndern, vorausgesetzt, dass wir willens sind zu h\u00f6ren um zu verstehen und nicht um zu antworten.<\/em><\/p>\n\n\n\n<p><em>Wenn die Programmierung des Universums notwendigerweise \u2013 so wie das im Uterus einer schwangeren Frau der Fall ist \u2013 den Tod eines Elementes (der Plazenta) voraussetzt, um die Geburt eines mit ihm verbundenen Elementes (dem F\u00f6tus) zu erm\u00f6glichen, dann w\u00e4re der Tod in einer anderen Welt n\u00fctzlich. Und damit h\u00e4tten wir eine g\u00e4nzlich andere und neuartige Definition von Gesundheit, die die Akzeptanz des Todes mit einschlie\u00dft.\u201c<\/em><\/p>\n\n\n\n<p>Die Tatsache, dass sich Covid 19 auf die Gesundheit des Menschen auswirkt, bedeutet, dass der Mensch die Programmierung des Universums nicht respektiert. Covid 19 ist ein einfaches Virus und nichts weiter als ein Ereignis, das eine Einstellung nachdr\u00fccklich betont, die der Mensch akzeptieren muss zu verlieren und NICHT MEHR DAS ZU TUN, WAS ER TUN WILL, SONDERN DAS, WAS ER TUN MUSS.<\/p>\n\n\n\n<p>Unsere Existenz symbolisiert die Gegenwart, da wir das Ergebnis der Vereinigung von Informationen sind, die einerseits aus der Vergangenheit (Eizelle) und andererseits aus der Zukunft (Spermium) stammen. Die Gegenwart ist das, was zwei unterschiedlichen Elementen, die jedoch von derselben Wesensart sind, gemeinsam ist (Zeit: Vergangenheit und Zukunft; Raum: Inneres und \u00c4u\u00dferes bzw. Physisches und Metaphysisches\u2026).&nbsp;<\/p>\n\n\n\n<p>DIE Gegenwart ist nicht UNSERE Gegenwart: unsere Gegenwart ist das Gemeinsame zwischen unserem Ego, das die Rolle des Beobachters einnimmt um eine Wahl treffen zu k\u00f6nnen, und unserem Ich, das sich in den Spuren unseres Egos bildet um dessen Wahl zu verwirklichen. Das f\u00fchrt dazu, dass unsere Gegenwart uns dazu verleitet, das zu tun, was wir tun wollen und nicht das, was wir tun m\u00fcssen, wobei Letzteres nicht mehr mit einer Wahl zu tun hat, sondern mit einer Verpflichtung.&nbsp;<\/p>\n\n\n\n<p>Die Gegenwart ist diese Pandemie, die sich auf die Menschen auf der ganzen Welt auswirkt, die ihre Gegenwart leben. Zu wissen, ob man die Gegenwart oder unsere Gegenwart lebt, ist in der Tat schwierig. Jeder von uns kann den Virus in sich tragen und seinen Nachbarn anstecken.&nbsp;&nbsp;Damit diese Pandemie aufh\u00f6rt, ist es n\u00f6tig, dass jeder akzeptiert, seinen Nachbarn nicht zu kontaminieren. Die einzige sinnvolle L\u00f6sung besteht darin, eine Maske zu tragen, wenn man Kontakt zu anderen Menschen hat. Die Maske hat nicht den Zweck denjenigen zu sch\u00fctzen, der sie tr\u00e4gt, sondern denjenigen, der sich in unserem unmittelbaren Umfeld befindet. Genauso wenig wie wir es nicht akzeptieren k\u00f6nnen daran zu erkranken oder gar zu sterben, so d\u00fcrfen wir auch nicht akzeptieren, gef\u00e4hrdete Menschen anzustecken. Das w\u00e4re n\u00e4mlich ein regelrechter&nbsp;&nbsp;Mord mit Vorsatz, der den Tod verdienen w\u00fcrde, wenn die Justiz bereit w\u00e4re, ihre Arbeit richtig zu machen. F\u00fcr mich f\u00fchrt jede Tat mit Vorsatz mit einer gewissen Wahrscheinlichkeit zur Wiederholungstat und unsere Pflicht zur Pr\u00e4vention macht es notwendig, wirksame und deutliche Ma\u00dfnahmen zu ergreifen, damit es nicht zur Wiederholungstat kommt.<\/p>\n\n\n\n<p>Die Maske mag zwar beschwerlich sein, aber haben wir das Recht all das abzulehnen, was uns unbequem erscheint?&nbsp;<\/p>\n\n\n\n<p>Eine Maske hindert uns daran, frei zu atmen und manche Menschen meinen, dass es f\u00fcr unsere Gesundheit\u00a0\u00a0unabdingbar sei, gut atmen zu k\u00f6nnen. Aber um unsere Existenz zu sichern haben wir auch ein zwingendes Bed\u00fcrfnis gut trinken zu k\u00f6nnen. Wenn jedoch das uns zu Verf\u00fcgung stehende Wasser vergiftet ist, ist es dann nicht vern\u00fcnftiger solange darauf zu verzichten, bis man trinkbares Wasser gefunden hat.\u00a0Wenn alle Menschen das Tragen einer Maske und die weiteren Schutzma\u00dfnahmen akzeptieren w\u00fcrden, dann k\u00f6nnte sich\u00a0\u00a0das Virus nicht mehr verbreiten und w\u00fcrde schnell verschwinden. Dann w\u00fcrde es sich auch er\u00fcbrigen, Medikamente und Impfstoffe zu entwickeln, die nur die Pharmaindustrie und ihre F\u00fchrungsebene bereichern. Das w\u00e4re viel wirksamer als Petitionen zu verfassen und zu Demonstrationen aufzurufen, deren Forderungen man nie wird umsetzen k\u00f6nnen. Ich wei\u00df, dass meine Antwort vielen nicht gefallen wird, selbst wenn sie meine Kurse besucht und sich inhaltlich ganz damit identifiziert haben. Ideen zuzuh\u00f6ren bereitet unserem Ego Vergn\u00fcgen, wenn man sie jedoch im Leben umsetzen muss, dann missf\u00e4llt das unserem Ich.<\/p>\n\n\n\n<p><a href=\"https:\/\/www.drpiro.net\/de\/fragen-und-antworten\/\">Zur\u00fcck zu den Fragen<\/a><\/p>\n","protected":false},"excerpt":{"rendered":"<p>Meine Antwort kann nur entsprechend der ersten S\u00e4tze meiner Webseite ausfallen, in der Annahme, dass sie auch gelesen wurden um zu verstehen und nicht um zu antworten:&nbsp;\u201eWenn wir annehmen, dass unsere Existenz einen Sinn h\u00e4tte, n\u00e4mlich eine bestimmte Funktion im Hinblick auf eine Programmierung zu erf\u00fcllen, die unsere Geburt erst erm\u00f6glicht hat und die uns St\u00fcck f\u00fcr St\u00fcck in einer langen Kette von Erbinformationen weitergegeben worden ist, die bis zu den ersten Augenblicken des Universums zur\u00fcckreicht, unserem einzigen und wahren &#8230; <\/p>\n<p class=\"read-more-container\"><a title=\"Antwort Frage 2\" class=\"read-more button\" href=\"https:\/\/www.drpiro.net\/de\/antwort-frage-2\/#more-18566\" aria-label=\"Mehr Informationen \u00fcber Antwort Frage 2\">Read More<\/a><\/p>\n","protected":false},"author":4,"featured_media":0,"parent":0,"menu_order":0,"comment_status":"closed","ping_status":"closed","template":"","meta":{"footnotes":""},"class_list":["post-18566","page","type-page","status-publish"],"jetpack_sharing_enabled":true,"_links":{"self":[{"href":"https:\/\/www.drpiro.net\/de\/wp-json\/wp\/v2\/pages\/18566","targetHints":{"allow":["GET"]}}],"collection":[{"href":"https:\/\/www.drpiro.net\/de\/wp-json\/wp\/v2\/pages"}],"about":[{"href":"https:\/\/www.drpiro.net\/de\/wp-json\/wp\/v2\/types\/page"}],"author":[{"embeddable":true,"href":"https:\/\/www.drpiro.net\/de\/wp-json\/wp\/v2\/users\/4"}],"replies":[{"embeddable":true,"href":"https:\/\/www.drpiro.net\/de\/wp-json\/wp\/v2\/comments?post=18566"}],"version-history":[{"count":2,"href":"https:\/\/www.drpiro.net\/de\/wp-json\/wp\/v2\/pages\/18566\/revisions"}],"predecessor-version":[{"id":18569,"href":"https:\/\/www.drpiro.net\/de\/wp-json\/wp\/v2\/pages\/18566\/revisions\/18569"}],"wp:attachment":[{"href":"https:\/\/www.drpiro.net\/de\/wp-json\/wp\/v2\/media?parent=18566"}],"curies":[{"name":"wp","href":"https:\/\/api.w.org\/{rel}","templated":true}]}}