{"id":12,"date":"2018-02-16T19:48:32","date_gmt":"2018-02-17T00:48:32","guid":{"rendered":"https:\/\/gpstartersites.com\/artisan\/?page_id=7"},"modified":"2025-01-27T21:57:33","modified_gmt":"2025-01-27T21:57:33","slug":"home","status":"publish","type":"page","link":"https:\/\/www.drpiro.net\/es\/","title":{"rendered":"INICIO"},"content":{"rendered":"\n<h2 class=\"wp-block-heading has-text-align-center\"><strong>Bienvenido al sitio web del Dr. Piro Claude, uno de los sitios web de RESFO<\/strong><\/h2>\n\n\n\n<h3 class=\"gb-headline gb-headline-b9c4668c gb-headline-text\"><strong>Resonancia Celular por Estimulaci\u00f3n Fot\u00f3nica<\/strong><\/h3>\n\n\n\n<h3 class=\"gb-headline gb-headline-5eac6cb8 gb-headline-text\"><strong>(antes Reflexolog\u00eda Celular por Estimulaci\u00f3n Fot\u00f3nica)<\/strong><\/h3>\n\n\n\n<p>Si este sitio <a href=\"https:\/\/www.drpiro.net\/\">www.drpiro.net<\/a> no es un sitio m\u00e9dico, es sin embargo el sitio de Salud.<\/p>\n\n\n\n<p>La salud siempre se define, asociada a un calificativo, a menudo \u00abbueno\u00bb o \u00abmalo\u00bb.<br>La buena salud es el perfecto estado funcional del hombre, libre de s\u00edntomas o enfermedades que dificultan su existencia.<br>La mala salud se define como oposici\u00f3n a la buena salud, y su prop\u00f3sito es la muerte del hombre.<\/p>\n\n\n\n<p>Pero si la existencia tuviera un sentido, como el de cumplir una funci\u00f3n en relaci\u00f3n con la programaci\u00f3n que nos permiti\u00f3 nacer y que nos fue transmitida, de elemento en elemento por una cadena hereditaria que se remonta a los primeros momentos del Universo, nuestro \u00fanico y verdadero padre, la Salud estar\u00eda ligada al respeto por el sentido de esta existencia.<br>Si tratamos de vivir fuera de esta programaci\u00f3n, seg\u00fan nuestros deseos y poder, o si el miedo a lo desconocido (el futuro de la programaci\u00f3n) por la p\u00e9rdida de lo conocido (el pasado ya vivido) nos inmoviliza y nos impide respetar la programaci\u00f3n del Universo, entonces la Salud se ver\u00eda afectada. Para reencontrarla, s\u00f3lo el Universo puede devolvernos al camino que nos permite respetar su programaci\u00f3n. Entonces debemos aceptar los acontecimientos y las dificultades que crea para ayudarnos. No hay la suerte, es la \u00fanica manera que tiene el Universo de informarnos y permitirnos cambiar si sabemos escuchar para o\u00edr y no para responder.<br>Si la programaci\u00f3n del Universo requiere, como en el \u00fatero de las mujeres embarazadas, la muerte de un elemento (la placenta) para producir lo que est\u00e1 asociado con \u00e9l (el feto), en otro mundo, la muerte ser\u00eda \u00fatil, y tendr\u00edamos, a\u00fan as\u00ed, una otra y original definici\u00f3n de Salud al aceptar la muerte.<\/p>\n\n\n\n<p>Por eso, en una primera parte, titulada \u00abUna nueva visi\u00f3n del hombre\u00bb, podr\u00e1 conocer la realidad del lugar que ocupa el hombre en el universo, con el fin de tomar conciencia de ello.<\/p>\n\n\n\n<p>Si esta primera parte responde a algunas de sus preguntas e inquietudes, una segunda parte les permitir\u00e1 tener m\u00e1s informaci\u00f3n utilizando los <a href=\"#contacto\" data-type=\"internal\" data-id=\"#contacto\">datos de contacto<\/a>.<br>Hab\u00eda pensado en contarles la historia del descubrimiento de la RESFO, la forma en que se lleva a cabo una sesi\u00f3n&#8230; pero creo que es m\u00e1s justo respetar su petici\u00f3n de informaci\u00f3n en su momento presente.<\/p>\n\n\n\n<p>El prop\u00f3sito de esta introducci\u00f3n es respetar al lector, para no perder un tiempo precioso si no acepta cuestionar todo lo que el hombre conoce. En efecto, si acepta leer lo siguiente, tendr\u00e1 otra visi\u00f3n y descubrir\u00e1, en s\u00ed mismo, sus deberes antes de solicitar sus derechos.<br>El tiempo es precioso, est\u00e1 en el origen del Universo y de todo lo que contiene. No debe ser desperdiciado porque no pertenece a nadie, simplemente es prestado al hombre que deber\u00e1 devolverlo cuando llegue su hora.<\/p>\n\n\n\n<p><strong>Dr. Claude PIRO \u2013 Junio 2020<\/strong><\/p>\n\n\n<div class=\"gb-container gb-container-133d0621\" id=\"contacto\">\n\n<h3 class=\"gb-headline gb-headline-d5de7060 gb-headline-text\">Datos de contacto<\/h3>\n\n\n\n<p class=\"gb-headline gb-headline-1e76fbf0 gb-headline-text\">En 2021 el Dr. Piro finaliza sus consultas en Badalona. <br>Si desea pedir directamente visita con su sucesora Maite Baraup o m\u00e1s informaci\u00f3n sobre la RESFO, <br>llame al tel\u00e9fono (tambi\u00e9n llamadas por whatsapp) <a href=\"tel:0034630738919\" target=\"_blank\" rel=\"noreferrer noopener\">+34 630738919<\/a> (email:\u00a0<a href=\"mailto:resfodrpiro@gmail.com\" target=\"_blank\" rel=\"noreferrer noopener\">resfodrpiro@gmail.com<\/a>)<\/p>\n\n<\/div>\n\n\n<p><strong><a href=\"https:\/\/www.drpiro.net\/es\/del-universo-y-el-hombre-al-hombre-es-el-universo-una-nueva-vision-del-hombre\/\" data-type=\"page\" data-id=\"2\">&gt;&gt; LEER LA PRIMERA PARTE<\/a><\/strong><\/p>\n","protected":false},"excerpt":{"rendered":"<p>Bienvenido al sitio web del Dr. Piro Claude, uno de los sitios web de RESFO Resonancia Celular por Estimulaci\u00f3n Fot\u00f3nica (antes Reflexolog\u00eda Celular por Estimulaci\u00f3n Fot\u00f3nica) Si este sitio www.drpiro.net no es un sitio m\u00e9dico, es sin embargo el sitio de Salud. La salud siempre se define, asociada a un calificativo, a menudo \u00abbueno\u00bb o \u00abmalo\u00bb.La buena salud es el perfecto estado funcional del hombre, libre de s\u00edntomas o enfermedades que dificultan su existencia.La mala salud se define como oposici\u00f3n &#8230; <\/p>\n<p class=\"read-more-container\"><a title=\"INICIO\" class=\"read-more button\" href=\"https:\/\/www.drpiro.net\/es\/#more-12\" aria-label=\"Leer m\u00e1s sobre INICIO\">Leer M\u00e1s<\/a><\/p>\n","protected":false},"author":1,"featured_media":0,"parent":0,"menu_order":0,"comment_status":"closed","ping_status":"closed","template":"","meta":{"footnotes":""},"class_list":["post-12","page","type-page","status-publish"],"jetpack_sharing_enabled":true,"_links":{"self":[{"href":"https:\/\/www.drpiro.net\/es\/wp-json\/wp\/v2\/pages\/12","targetHints":{"allow":["GET"]}}],"collection":[{"href":"https:\/\/www.drpiro.net\/es\/wp-json\/wp\/v2\/pages"}],"about":[{"href":"https:\/\/www.drpiro.net\/es\/wp-json\/wp\/v2\/types\/page"}],"author":[{"embeddable":true,"href":"https:\/\/www.drpiro.net\/es\/wp-json\/wp\/v2\/users\/1"}],"replies":[{"embeddable":true,"href":"https:\/\/www.drpiro.net\/es\/wp-json\/wp\/v2\/comments?post=12"}],"version-history":[{"count":12,"href":"https:\/\/www.drpiro.net\/es\/wp-json\/wp\/v2\/pages\/12\/revisions"}],"predecessor-version":[{"id":810,"href":"https:\/\/www.drpiro.net\/es\/wp-json\/wp\/v2\/pages\/12\/revisions\/810"}],"wp:attachment":[{"href":"https:\/\/www.drpiro.net\/es\/wp-json\/wp\/v2\/media?parent=12"}],"curies":[{"name":"wp","href":"https:\/\/api.w.org\/{rel}","templated":true}]}}