{"id":5,"date":"2020-06-20T00:31:00","date_gmt":"2020-06-19T22:31:00","guid":{"rendered":"http:\/\/www.drpiro.net\/fr\/?page_id=5"},"modified":"2022-04-10T14:45:37","modified_gmt":"2022-04-10T12:45:37","slug":"home","status":"publish","type":"page","link":"https:\/\/www.drpiro.net\/fr\/","title":{"rendered":"Accueil"},"content":{"rendered":"\n<h2 class=\"has-text-align-center wp-block-heading\"><strong>Bienvenue sur le site du Dr. Piro Claude, un des sites de la RESFO<\/strong><\/h2>\n\n\n\n<h3 class=\"has-text-align-center wp-block-heading\"><strong>(R\u00e9flexologie Cellulaire par Stimulation Photonique)<\/strong><\/h3>\n\n\n\n<p>Si ce site <a href=\"http:\/\/www.drpiro.net\">www.drpiro.net<\/a> n\u2019est pas un site m\u00e9dical, c\u2019est n\u00e9anmoins le site de la Sant\u00e9.<\/p>\n\n\n\n<p>La Sant\u00e9 est toujours d\u00e9finie, associ\u00e9e \u00e0 un qualificatif, le plus souvent \u201cbon\u201d ou \u201cmauvais\u201d.<br>La bonne sant\u00e9 est l\u2019\u00e9tat fonctionnel parfait de l\u2019homme, exempt de sympt\u00f4mes ou de maladies qui handicapent son existence.<br>La mauvaise sant\u00e9 se d\u00e9finit en opposition \u00e0 la bonne sant\u00e9, et sa finalit\u00e9 est la mort de l\u2019homme.<\/p>\n\n\n\n<p>Mais, si l\u2019existence avait un sens, comme celui de remplir une fonction par rapport \u00e0 la programmation qui nous a permis de na\u00eetre et qui nous a \u00e9t\u00e9 transmise, d\u2019\u00e9l\u00e9ment en \u00e9l\u00e9ment par une chaine h\u00e9r\u00e9ditaire qui remonte aux premiers moments de l\u2019Univers, notre seul et vrai parent, la Sant\u00e9 serait li\u00e9e au respect du sens de cette existence.<br>Si nous essayons de vivre hors de cette programmation, selon nos d\u00e9sirs et notre pouvoir, ou si la peur de l\u2019inconnu (le futur de la programmation) par la perte d\u2019un connu rassurant (le pass\u00e9 d\u00e9j\u00e0 v\u00e9cu) nous immobilise et nous emp\u00eache de respecter la programmation de l\u2019Univers, la Sant\u00e9 serait alors affect\u00e9e. Pour la retrouver, seul l\u2019Univers peut nous ramener sur le chemin qui nous permette de respecter sa programmation. Nous devons alors accepter les \u00e9v\u00e8nements et les handicaps qu\u2019il cr\u00e9e pour nous aider. Il n\u2019y a pas de hasard, c\u2019est le seul moyen que l\u2019Univers poss\u00e8de pour nous informer et nous permettre de changer si nous savons \u00e9couter pour entendre et non pas pour r\u00e9pondre.<br>Si la programmation de l\u2019Univers n\u00e9cessite, comme c\u2019est le cas dans l\u2019ut\u00e9rus de femme en \u00e9tat de grossesse, la mort d\u2019un \u00e9l\u00e9ment (le placenta) pour faire na\u00eetre ce qui lui est associ\u00e9 (le f\u0153tus), dans un autre monde, la mort serait utile, et nous aurions, encore, une autre et originale d\u00e9finition de la Sant\u00e9 dans l\u2019acceptation de la mort.<\/p>\n\n\n\n<p>C\u2019est pour cela que vous pourrez prendre connaissance dans un premier volet intitul\u00e9 \u201cUne nouvelle vision de l\u2019Homme\u201d, de la r\u00e9alit\u00e9 de la place de l\u2019Homme dans l\u2019Univers, afin d\u2019en prendre conscience.<\/p>\n\n\n\n<p>Si ce premier volet r\u00e9pond \u00e0 certaines de vos questions et de vos pr\u00e9occupations, un deuxi\u00e8me volet vous permettra d&rsquo;avoir des r\u00e9ponses \u00e0 d&rsquo;autres questions que vous pourrez me poser en m&rsquo;\u00e9crivant directement \u00e0 l&rsquo;adresse suivante : <em>drcpiro@gmail.com<\/em>. Ces r\u00e9ponses pourront alors profiter \u00e0 tous ceux qui suivront l&rsquo;\u00e9volution de mon site. Ainsi, je ne vous imposerai pas mon moment pr\u00e9sent du choix de mes connaissances qui peuvent ne pas vous int\u00e9resser alors. J&rsquo;avais pens\u00e9 vous r\u00e9v\u00e9ler l\u2019historique de la d\u00e9couverte de la RESFO, la mani\u00e8re dont se d\u00e9roule une s\u00e9ance\u2026, mais je pense qu&rsquo;il est plus juste de respecter vos besoins d&rsquo;informations dans vos propres moments pr\u00e9sents.<\/p>\n\n\n\n<p>Le but de cette bienvenue est de respecter le lecteur, pour ne pas lui faire perdre un temps pr\u00e9cieux s\u2019il n\u2019accepte pas de remettre en question tout ce qui est connu de l\u2019homme. En effet, s\u2019il consent \u00e0 lire ce qui suit, il en aura une autre vision et d\u00e9couvrira, en lui-m\u00eame, ses devoirs avant de solliciter ses droits.<br>Le temps est pr\u00e9cieux, il est \u00e0 l\u2019origine de l\u2019Univers et de tout ce qu\u2019il contient. Il ne doit pas \u00eatre gaspill\u00e9,  il n\u2019appartient \u00e0 personne, il est simplement pr\u00eat\u00e9 \u00e0 l&rsquo;homme qui devra le rendre quand son temps sera venu.<\/p>\n\n\n\n<p><strong>Dr. Claude PIRO &#8211; Juin 2020<\/strong><\/p>\n\n\n\n<p class=\"has-very-light-gray-background-color has-background\">En&nbsp; 2021 le Dr. Piro&nbsp; arr\u00eate&nbsp; ses&nbsp; consultations&nbsp; \u00e2&nbsp; Badalona.<br>Si vous desirez prendre directement un rendez-vous avec son successeur<br>Maite Baraup, telephoner au n\u00ba&nbsp; <a href=\"tel:+34 630 738 919\" target=\"_blank\" rel=\"noreferrer noopener\">+34 630 738 919<\/a><br>(email:&nbsp;<a rel=\"noreferrer noopener\" href=\"mailto:maitebaraup@gmail.com\" target=\"_blank\">maitebaraup@gmail.com<\/a>)<\/p>\n\n\n\n<p><u><b><a href=\"http:\/\/www.drpiro.net\/fr\/de-lunivers-et-lhomme-a-lhomme-est-lunivers\/\">&gt;&gt; LIRE LE PREMIER VOLET<\/a><\/b><\/u><\/p>\n\n\n\n<p> <\/p>\n","protected":false},"excerpt":{"rendered":"<p>Bienvenue sur le site du Dr. Piro Claude, un des sites de la RESFO (R\u00e9flexologie Cellulaire par Stimulation Photonique) Si ce site www.drpiro.net n\u2019est pas un site m\u00e9dical, c\u2019est n\u00e9anmoins le site de la Sant\u00e9. La Sant\u00e9 est toujours d\u00e9finie, associ\u00e9e \u00e0 un qualificatif, le plus souvent \u201cbon\u201d ou \u201cmauvais\u201d.La bonne sant\u00e9 est l\u2019\u00e9tat fonctionnel parfait de l\u2019homme, exempt de sympt\u00f4mes ou de maladies qui handicapent son existence.La mauvaise sant\u00e9 se d\u00e9finit en opposition \u00e0 la bonne sant\u00e9, et sa &#8230; <\/p>\n<p class=\"read-more-container\"><a title=\"Accueil\" class=\"read-more button\" href=\"https:\/\/www.drpiro.net\/fr\/#more-5\" aria-label=\"En savoir plus sur Accueil\">Lire plus<\/a><\/p>\n","protected":false},"author":5,"featured_media":0,"parent":0,"menu_order":0,"comment_status":"closed","ping_status":"closed","template":"","meta":{"footnotes":""},"class_list":["post-5","page","type-page","status-publish"],"jetpack_sharing_enabled":true,"_links":{"self":[{"href":"https:\/\/www.drpiro.net\/fr\/wp-json\/wp\/v2\/pages\/5","targetHints":{"allow":["GET"]}}],"collection":[{"href":"https:\/\/www.drpiro.net\/fr\/wp-json\/wp\/v2\/pages"}],"about":[{"href":"https:\/\/www.drpiro.net\/fr\/wp-json\/wp\/v2\/types\/page"}],"author":[{"embeddable":true,"href":"https:\/\/www.drpiro.net\/fr\/wp-json\/wp\/v2\/users\/5"}],"replies":[{"embeddable":true,"href":"https:\/\/www.drpiro.net\/fr\/wp-json\/wp\/v2\/comments?post=5"}],"version-history":[{"count":12,"href":"https:\/\/www.drpiro.net\/fr\/wp-json\/wp\/v2\/pages\/5\/revisions"}],"predecessor-version":[{"id":848,"href":"https:\/\/www.drpiro.net\/fr\/wp-json\/wp\/v2\/pages\/5\/revisions\/848"}],"wp:attachment":[{"href":"https:\/\/www.drpiro.net\/fr\/wp-json\/wp\/v2\/media?parent=5"}],"curies":[{"name":"wp","href":"https:\/\/api.w.org\/{rel}","templated":true}]}}